{"id":2054,"date":"2020-10-15T17:41:58","date_gmt":"2020-10-15T15:41:58","guid":{"rendered":"http:\/\/www.strefazoltar.pl\/gdansk\/?page_id=2054"},"modified":"2020-10-20T10:15:06","modified_gmt":"2020-10-20T08:15:06","slug":"gdansk-start","status":"publish","type":"page","link":"https:\/\/www.strefazoltar.pl\/gdansk\/","title":{"rendered":"Start Gda\u0144sk"},"content":{"rendered":"<div id='full_slider_1'  class='avia-fullwidth-slider main_color avia-shadow   avia-builder-el-0  el_before_av_layout_row  avia-builder-el-first   avia-full-stretch container_wrap fullsize' style='background-repeat: no-repeat; background-image: url(http:\/\/www.strefazoltar.pl\/gdansk\/wp-content\/uploads\/sites\/3\/2020\/10\/ZOLTAR018c.jpg); background-attachment: scroll; background-position: center center;  '  ><div   data-size='featured_large'  data-lightbox_size='large'  data-animation='slide_up'  data-transition_speed='1300'  data-conditional_play=''  data-ids='1925,1931,1677'  data-video_counter='0'  data-autoplay='true'  data-bg_slider='false'  data-slide_height=''  data-handle='av_slideshow_full'  data-interval='6'  data-class=' '  data-el_id=''  data-css_id=''  data-scroll_down=''  data-control_layout='av-control-default'  data-custom_markup=''  data-perma_caption=''  data-autoplay_stopper=''  data-image_attachment=''  data-min_height='700px'  data-src='http:\/\/www.strefazoltar.pl\/gdansk\/wp-content\/uploads\/sites\/3\/2020\/10\/ZOLTAR018c.jpg'  data-position='center center'  data-repeat='stretch'  data-attach='scroll'  data-stretch=''  data-default-height='42'  class='avia-slideshow avia-slideshow-1  av-control-default av-default-height-applied avia-slideshow-featured_large av_slideshow_full   avia-slide_up-slider '  itemprop=\"image\" itemscope=\"itemscope\" itemtype=\"https:\/\/schema.org\/ImageObject\" ><ul class='avia-slideshow-inner ' style='padding-bottom: 42%;' ><li  class=' slide-1 ' ><div data-rel='slideshow-1' class='avia-slide-wrap '   ><div class = \"caption_fullwidth av-slideshow-caption caption_center\"><div class = \"container caption_container\"><div class = \"slideshow_caption\"><div class = \"slideshow_inner_caption\"><div class = \"slideshow_align_caption\"><h2  style='font-size:70px; ' class='avia-caption-title   av-small-font-size-overwrite av-small-font-size-46 av-mini-font-size-overwrite av-mini-font-size-46'  itemprop=\"name\" >Arena Lasertag<strong>.<\/strong><\/h2><div class='avia-caption-content  av-small-font-size-overwrite av-small-font-size-22 av-mini-font-size-overwrite av-mini-font-size-22 av_inherit_color'  itemprop=\"description\"   style='font-size:38px; '><p>Wejd\u017a do gry!<\/p>\n<\/div><a href='http:\/\/www.strefazoltar.pl\/gdansk\/blog\/portfolio-item\/strefa-zoltar-gdansk\/'  class='avia-slideshow-button avia-button avia-color-theme-color ' data-duration='800' data-easing='easeInOutQuad'>Zobacz wi\u0119cej...<\/a><\/div><\/div><\/div><\/div><\/div><img src='https:\/\/www.strefazoltar.pl\/gdansk\/wp-content\/uploads\/sites\/3\/2020\/10\/ZOLTAR018c-1500x630.jpg' width='1500' height='630' title='ZOLTAR018c' alt=''  itemprop=\"thumbnailUrl\"  style='min-height:700px; min-width:1667px; ' \/><div class='av-section-color-overlay' style='opacity: 0.3; background-color: #0a0a0a; '><\/div><\/div><\/li><li  class=' slide-2 ' ><div data-rel='slideshow-1' class='avia-slide-wrap '   ><div class = \"caption_fullwidth av-slideshow-caption caption_center\"><div class = \"container caption_container\"><div class = \"slideshow_caption\"><div class = \"slideshow_inner_caption\"><div class = \"slideshow_align_caption\"><h2  style='font-size:70px; ' class='avia-caption-title   av-small-font-size-overwrite av-small-font-size-46 av-mini-font-size-overwrite av-mini-font-size-46'  itemprop=\"name\" >Arena Archery<strong>.<\/strong><\/h2><div class='avia-caption-content  av-small-font-size-overwrite av-small-font-size-22 av-mini-font-size-overwrite av-mini-font-size-22 av_inherit_color'  itemprop=\"description\"   style='font-size:38px; '><p>Poczuj dreszcz emocji gdy strza\u0142a przelatuje tu\u017c obok Ciebie<\/p>\n<\/div><a href='http:\/\/www.strefazoltar.pl\/gdansk\/blog\/portfolio-item\/strefa-archery\/'  class='avia-slideshow-button avia-button avia-color-theme-color ' data-duration='800' data-easing='easeInOutQuad'>Nie wierzysz? Przekonaj si\u0119!!!<\/a><\/div><\/div><\/div><\/div><\/div><img src='https:\/\/www.strefazoltar.pl\/gdansk\/wp-content\/uploads\/sites\/3\/2020\/10\/ZOLTAR018d-1500x630.jpg' width='1500' height='630' title='ZOLTAR018d' alt=''  itemprop=\"thumbnailUrl\"  style='min-height:700px; min-width:1667px; ' \/><div class='av-section-color-overlay' style='opacity: 0.4; background-color: #0a0a0a; '><\/div><\/div><\/li><li  class=' slide-3 ' ><div data-rel='slideshow-1' class='avia-slide-wrap '   ><div class = \"caption_fullwidth av-slideshow-caption caption_center\"><div class = \"container caption_container\"><div class = \"slideshow_caption\"><div class = \"slideshow_inner_caption\"><div class = \"slideshow_align_caption\"><h2  style='font-size:70px; ' class='avia-caption-title   av-small-font-size-overwrite av-small-font-size-46 av-mini-font-size-overwrite av-mini-font-size-46'  itemprop=\"name\" >Arena Nerf<strong>.<\/strong><\/h2><div class='avia-caption-content  av-small-font-size-overwrite av-small-font-size-22 av-mini-font-size-overwrite av-mini-font-size-22 av_inherit_color'  itemprop=\"description\"   style='font-size:38px; '><p>Bezpieczne pole do gry z pistoletami NERF<\/p>\n<\/div><a href='http:\/\/www.strefazoltar.pl\/gdansk\/blog\/portfolio-item\/strefa-nerf\/'  class='avia-slideshow-button avia-button avia-color-theme-color ' data-duration='800' data-easing='easeInOutQuad'>Sprawd\u017a szczeg\u00f3\u0142y<\/a><\/div><\/div><\/div><\/div><\/div><img src='https:\/\/www.strefazoltar.pl\/gdansk\/wp-content\/uploads\/sites\/3\/2020\/09\/strafa-zoltar-slajd-gdansk-3a-1500x630.jpg' width='1500' height='630' title='strafa-zoltar-slajd-gdansk-3a' alt=''  itemprop=\"thumbnailUrl\"  style='min-height:700px; min-width:1667px; ' \/><div class='av-section-color-overlay' style='opacity: 0.4; background-color: #000000; '><\/div><\/div><\/li><\/ul><div class='avia-slideshow-arrows avia-slideshow-controls'><a href='#prev' class='prev-slide' aria-hidden='true' data-av_icon='\ue87c' data-av_iconfont='entypo-fontello'>Previous<\/a><a href='#next' class='next-slide' aria-hidden='true' data-av_icon='\ue87d' data-av_iconfont='entypo-fontello'>Next<\/a><\/div><div class='avia-slideshow-dots avia-slideshow-controls'><a href='#1' class='goto-slide active' >1<\/a><a href='#2' class='goto-slide ' >2<\/a><a href='#3' class='goto-slide ' >3<\/a><\/div><\/div><\/div>\n<div id='av-layout-grid-1'  class='av-layout-grid-container entry-content-wrapper main_color av-flex-cells     avia-builder-el-1  el_after_av_slideshow_full  el_before_av_section  submenu-not-first container_wrap fullsize' style=' '  >\n<div class=\"flex_cell no_margin av_one_third  avia-builder-el-2  el_before_av_cell_one_third  avia-builder-el-first   avia-full-stretch \"  style='background: #ad5c00; vertical-align:top; padding:50px; background-color:#ad5c00; ' ><div class='flex_cell_inner' ><article  class=\"iconbox iconbox_left_content    avia-builder-el-3  avia-builder-el-no-sibling  \"  itemscope=\"itemscope\" itemtype=\"https:\/\/schema.org\/CreativeWork\" ><div class=\"iconbox_icon heading-color\" aria-hidden='true' data-av_icon='\ue864' data-av_iconfont='entypo-fontello'  style='color:#ffffff; ' ><\/div><div class=\"iconbox_content\"><header class=\"entry-content-header\"><h3 class='iconbox_content_title  '  itemprop=\"headline\"   style='color:#ffffff; '><span style=\"line-height: 33px;\">Arena Lasertag Zoltar<br \/>\n- najwi\u0119ksza w 3mie\u015bcie<\/span><\/h3><\/header><div class='iconbox_content_container av_inherit_color '  itemprop=\"text\"   style='color:#ffffff; '><p>Pole do gry w klimacie zniszczonego wojn\u0105 miasta &#8211; WEJD\u0179\u00a0DO\u00a0GRY<\/p>\n<\/div><\/div><footer class=\"entry-footer\"><\/footer><\/article>\n<\/div><\/div><div class=\"flex_cell no_margin av_one_third  avia-builder-el-4  el_after_av_cell_one_third  el_before_av_cell_one_third   avia-full-stretch \"  style='background: #292929; vertical-align:top; padding:50px; background-color:#292929; ' ><div class='flex_cell_inner' ><p><article  class=\"iconbox iconbox_left_content    avia-builder-el-5  avia-builder-el-no-sibling  \"  itemscope=\"itemscope\" itemtype=\"https:\/\/schema.org\/CreativeWork\" ><div class=\"iconbox_icon heading-color\" aria-hidden='true' data-av_icon='\ue864' data-av_iconfont='entypo-fontello'  style='color:#ffffff; ' ><\/div><div class=\"iconbox_content\"><header class=\"entry-content-header\"><h3 class='iconbox_content_title  '  itemprop=\"headline\"   style='color:#ffffff; '><span style=\"line-height: 33px;\">Arena Archery i Nerf - <strong>NOWO\u015a\u0106!<\/strong><\/h3><\/header><div class='iconbox_content_container av_inherit_color '  itemprop=\"text\"   style='color:#ffffff; '><p>pole do gry przeznaczone na bitwy z u\u017cyciem pistolet\u00f3w NERF i bezpieczne pojedynki \u0142ucznicze.<\/p>\n<\/div><\/div><footer class=\"entry-footer\"><\/footer><\/article><\/span><\/p>\n<\/div><\/div><div class=\"flex_cell no_margin av_one_third  avia-builder-el-6  el_after_av_cell_one_third  avia-builder-el-last   avia-full-stretch \"  style='background: #3c3c3c; vertical-align:top; padding:50px; background-color:#3c3c3c; ' ><div class='flex_cell_inner' ><article  class=\"iconbox iconbox_left_content    avia-builder-el-7  avia-builder-el-no-sibling  \"  itemscope=\"itemscope\" itemtype=\"https:\/\/schema.org\/CreativeWork\" ><div class=\"iconbox_icon heading-color\" aria-hidden='true' data-av_icon='\ue864' data-av_iconfont='entypo-fontello'  style='color:#ffffff; ' ><\/div><div class=\"iconbox_content\"><header class=\"entry-content-header\"><h3 class='iconbox_content_title  '  itemprop=\"headline\"   style='color:#ffffff; '>Atrakcje dodatkowe<strong>.<\/strong><\/h3><\/header><div class='iconbox_content_container av_inherit_color '  itemprop=\"text\"   style='color:#ffffff; '><p>Reflex Wall, Drzewo tajemnic, pi\u0142karzyki, arcade, cymbergaje, symulatory i wiele wi\u0119cej zabawy dla ka\u017cdego.<\/p>\n<\/div><\/div><footer class=\"entry-footer\"><\/footer><\/article>\n<\/div><\/div>\n<\/div>\n<div id='av_section_1'  class='avia-section alternate_color avia-section-huge avia-no-border-styling  avia-full-stretch av-section-color-overlay-active avia-bg-style-fixed  avia-builder-el-8  el_after_av_layout_row  el_before_av_section   container_wrap fullsize' style='background-repeat: no-repeat; background-image: url(https:\/\/www.strefazoltar.pl\/gdansk\/wp-content\/uploads\/sites\/3\/2020\/06\/strafa-zoltar-foto-main-05.jpg);background-attachment: fixed; background-position: center center;  '  data-section-bg-repeat='stretch'><div class='av-section-color-overlay-wrap'><div class='av-section-color-overlay' style='opacity: 0.7; background-color: #000000; '><\/div><div class='container' ><div class='template-page content  av-content-full alpha units'><div class='post-entry post-entry-type-page post-entry-2054'><div class='entry-content-wrapper clearfix'>\n<div  style='padding-bottom:20px; font-size:50px;' class='av-special-heading av-special-heading-h1  blockquote modern-quote modern-centered  avia-builder-el-9  el_before_av_one_fifth  avia-builder-el-first  av-thin-font av-inherit-size '><h1 class='av-special-heading-tag '  itemprop=\"headline\"  >Witamy w strefie zoltar <strong>Gda\u0144sk<\/strong><\/h1><div class='special-heading-border'><div class='special-heading-inner-border' ><\/div><\/div><\/div>\n<div class=\"flex_column av_one_fifth  no_margin flex_column_div av-zero-column-padding first  avia-builder-el-10  el_after_av_heading  el_before_av_three_fifth  \" style='border-radius:0px; '><\/div><div class=\"flex_column av_three_fifth  no_margin flex_column_div av-zero-column-padding   avia-builder-el-11  el_after_av_one_fifth  el_before_av_one_fifth  \" style='border-radius:0px; '><section class=\"av_textblock_section \"  itemscope=\"itemscope\" itemtype=\"https:\/\/schema.org\/CreativeWork\" ><div class='avia_textblock  '   itemprop=\"text\" ><p style=\"text-align: center;\">Od 2014 roku jeste\u015bmy cz\u0119\u015bci\u0105 Centrum Rozrywki Fun Arena na Stadionie Energa Gda\u0144sk \u2013 najpi\u0119kniejszym Polskim Stadionie Pi\u0142karskim wybudowanym na Euro 2012.<\/p>\n<p style=\"text-align: center;\">Dla naszych graczy przygotowali\u015bmy nasz\u0105 najwi\u0119ksz\u0105 w Tr\u00f3jmie\u015bcie Stref\u0119 Zoltar (lasertag) z 2-poziomowym polem gry w klimacie zniszczonego wojn\u0105 miasta.<br \/>\nStrefa Zoltar Gda\u0144sk to r\u00f3wnie\u017c atrakcje dodatkowe, takie jak: Arena Archery, Arena Nerf, Refleks Wall, Drzewo Tajemnic, symulatory rajdowe, automaty do gier oraz unikalne miejsce do organizacji urodzin, imprez firmowych, wieczor\u00f3w kawalerskich i panie\u0144skich.<\/p>\n<\/div><\/section><\/div><div class=\"flex_column av_one_fifth  no_margin flex_column_div av-zero-column-padding   avia-builder-el-13  el_after_av_three_fifth  el_before_av_button  \" style='border-radius:0px; '><\/div><div  class='avia-button-wrap avia-button-center  avia-builder-el-14  el_after_av_one_fifth  avia-builder-el-last ' ><a href='https:\/\/www.strefazoltar.pl\/gdansk\/oferta-gdansk\/'  class='avia-button av-icon-on-hover  avia-icon_select-yes-right-icon avia-color-theme-color avia-size-x-large avia-position-center '   ><span class='avia_iconbox_title' >Zobacz nasz\u0105 pe\u0142n\u0105 Ofert\u0119<\/span><span class='avia_button_icon avia_button_icon_right' aria-hidden='true' data-av_icon='\ue879' data-av_iconfont='entypo-fontello'><\/span><\/a><\/div>\n\n<\/div><\/div><\/div><!-- close content main div --><\/div><\/div><\/div><div id='av_section_2'  class='avia-section main_color avia-section-large avia-no-border-styling  avia-bg-style-scroll  avia-builder-el-15  el_after_av_section  el_before_av_section   container_wrap fullsize' style='background-color: #ffffff; background-repeat: no-repeat; background-image: url(https:\/\/www.strefazoltar.pl\/gdansk\/wp-content\/uploads\/sites\/3\/2020\/07\/con4.jpg);background-attachment: scroll; background-position: top left;  '  data-section-bg-repeat='no-repeat'><div class='container' ><div class='template-page content  av-content-full alpha units'><div class='post-entry post-entry-type-page post-entry-2054'><div class='entry-content-wrapper clearfix'>\n<div  style='padding-bottom:20px; margin-bottom:30px; color:#0a0a0a;font-size:50px;' class='av-special-heading av-special-heading-h1 custom-color-heading blockquote modern-quote modern-centered  avia-builder-el-16  el_before_av_masonry_entries  avia-builder-el-no-sibling  av-inherit-size '><h1 class='av-special-heading-tag '  itemprop=\"headline\"  >Aktualno\u015bci Strefa Zoltar <b>Gda\u0144sk<\/b><\/h1><div class='special-heading-border'><div class='special-heading-inner-border' style='border-color:#0a0a0a'><\/div><\/div><\/div>\n<div id='av-masonry-1' class='av-masonry  noHover av-flex-size av-large-gap av-hover-overlay-active av-masonry-animation-active av-masonry-col-3 av-caption-always av-caption-style-    '  ><div class='av-masonry-container isotope av-js-disabled ' ><div class='av-masonry-entry isotope-item av-masonry-item-no-image '><\/div><a href=\"https:\/\/www.strefazoltar.pl\/gdansk\/blog\/2022\/02\/10\/nowe-okulary-i-gry-w-arenie-vr\/\" id='av-masonry-1-item-2252' data-av-masonry-item='2252' class='av-masonry-entry isotope-item post-2252 post type-post status-publish format-standard has-post-thumbnail hentry category-aktualnosc  av-masonry-item-with-image' title=\"EH0A9227\"  itemscope=\"itemscope\" itemtype=\"https:\/\/schema.org\/CreativeWork\" ><div class='av-inner-masonry-sizer'><\/div><figure class='av-inner-masonry main_color'><div class=\"av-masonry-outerimage-container\"><div class=\"av-masonry-image-container\" ><img decoding=\"async\" src=\"https:\/\/www.strefazoltar.pl\/gdansk\/wp-content\/uploads\/sites\/3\/2022\/01\/EH0A9227-705x470.jpg\" title=\"EH0A9227\" alt=\"\" \/><\/div><\/div><figcaption class='av-inner-masonry-content site-background'><div class='av-inner-masonry-content-pos'><div class='av-inner-masonry-content-pos-content'><div class='avia-arrow'><\/div><h3 class='av-masonry-entry-title entry-title '  itemprop=\"headline\" >Nowe okulary i gry w Arenie VR<\/h3><div class='av-masonry-entry-content entry-content'  itemprop=\"text\" >Mamy ju\u017c nowe gogle oculus quest 2 i sporo nowych gier na t\u0105\u2026<\/div><span class='av-masonry-date meta-color updated'>10 lutego 2022<\/span><span class=\"av-masonry-text-sep text-sep-author\">\/<\/span><span class='av-masonry-author meta-color author'><span class='fn'>Autor zbyszek<\/span><\/span><\/div><\/div><\/figcaption><\/figure><\/a><!--end av-masonry entry--><a href=\"https:\/\/www.strefazoltar.pl\/gdansk\/blog\/2020\/10\/19\/nowe-atrakcje\/\" id='av-masonry-1-item-2099' data-av-masonry-item='2099' class='av-masonry-entry isotope-item post-2099 post type-post status-publish format-standard has-post-thumbnail hentry category-aktualnosc category-bez-kategorii  av-masonry-item-with-image' title=\"Archery-12\"  itemscope=\"itemscope\" itemtype=\"https:\/\/schema.org\/CreativeWork\" ><div class='av-inner-masonry-sizer'><\/div><figure class='av-inner-masonry main_color'><div class=\"av-masonry-outerimage-container\"><div class=\"av-masonry-image-container\" ><img decoding=\"async\" src=\"https:\/\/www.strefazoltar.pl\/gdansk\/wp-content\/uploads\/sites\/3\/2020\/10\/Archery-12-705x441.jpg\" title=\"Archery-12\" alt=\"Archery\" \/><\/div><\/div><figcaption class='av-inner-masonry-content site-background'><div class='av-inner-masonry-content-pos'><div class='av-inner-masonry-content-pos-content'><div class='avia-arrow'><\/div><h3 class='av-masonry-entry-title entry-title '  itemprop=\"headline\" >Nowe atrakcje<\/h3><div class='av-masonry-entry-content entry-content'  itemprop=\"text\" >Ju\u017c s\u0105 nowe atrakcje dla Was:\u00a0 Strefa Archery \u2013 miejsce\u2026<\/div><span class='av-masonry-date meta-color updated'>19 pa\u017adziernika 2020<\/span><span class=\"av-masonry-text-sep text-sep-author\">\/<\/span><span class='av-masonry-author meta-color author'><span class='fn'>Autor zbyszek<\/span><\/span><\/div><\/div><\/figcaption><\/figure><\/a><!--end av-masonry entry--><a href=\"https:\/\/www.strefazoltar.pl\/gdansk\/blog\/2020\/08\/05\/testowy\/\" id='av-masonry-1-item-1257' data-av-masonry-item='1257' class='av-masonry-entry isotope-item post-1257 post type-post status-publish format-standard has-post-thumbnail hentry category-aktualnosc  av-masonry-item-with-image' title=\"covid-nocrop_400x250\"  itemscope=\"itemscope\" itemtype=\"https:\/\/schema.org\/CreativeWork\" ><div class='av-inner-masonry-sizer'><\/div><figure class='av-inner-masonry main_color'><div class=\"av-masonry-outerimage-container\"><div class=\"av-masonry-image-container\" ><img decoding=\"async\" src=\"https:\/\/www.strefazoltar.pl\/gdansk\/wp-content\/uploads\/sites\/3\/2020\/08\/covid-nocrop_400x250.jpg\" title=\"covid-nocrop_400x250\" alt=\"\" \/><\/div><\/div><figcaption class='av-inner-masonry-content site-background'><div class='av-inner-masonry-content-pos'><div class='av-inner-masonry-content-pos-content'><div class='avia-arrow'><\/div><h3 class='av-masonry-entry-title entry-title '  itemprop=\"headline\" >Bezpieczna strefa ZOLTAR \u2013 COVID-19<\/h3><div class='av-masonry-entry-content entry-content'  itemprop=\"text\" >Wasze bezpiecze\u0144stwo jest dla nas najwa\u017cniejsze, bez niego\u2026<\/div><span class='av-masonry-date meta-color updated'>5 sierpnia 2020<\/span><span class=\"av-masonry-text-sep text-sep-author\">\/<\/span><span class='av-masonry-author meta-color author'><span class='fn'>Autor zbyszek<\/span><\/span><\/div><\/div><\/figcaption><\/figure><\/a><!--end av-masonry entry--><\/div><\/div>\n<\/div><\/div><\/div><!-- close content main div --><\/div><\/div><div id='av_section_3'  class='avia-section alternate_color avia-section-huge avia-no-border-styling  avia-full-stretch av-section-color-overlay-active avia-bg-style-fixed  avia-builder-el-18  el_after_av_section  avia-builder-el-last   container_wrap fullsize' style='background-repeat: no-repeat; background-image: url(https:\/\/www.strefazoltar.pl\/gdansk\/wp-content\/uploads\/sites\/3\/2020\/06\/strafa-zoltar-foto-main-01-300x153.jpg);background-attachment: fixed; background-position: center center;  '  data-section-bg-repeat='stretch'><div class='av-section-color-overlay-wrap'><div class='av-section-color-overlay' style='opacity: 0.7; background-color: #000000; '><\/div><div class='container' ><div class='template-page content  av-content-full alpha units'><div class='post-entry post-entry-type-page post-entry-2054'><div class='entry-content-wrapper clearfix'>\n<div  style='padding-bottom:20px; font-size:50px;' class='av-special-heading av-special-heading-h1  blockquote modern-quote modern-centered  avia-builder-el-19  el_before_av_one_fifth  avia-builder-el-first  av-thin-font av-inherit-size '><h1 class='av-special-heading-tag '  itemprop=\"headline\"  >Na co jeszcze czekasz<strong>?<\/strong><\/h1><div class='special-heading-border'><div class='special-heading-inner-border' ><\/div><\/div><\/div>\n<div class=\"flex_column av_one_fifth  flex_column_div av-zero-column-padding first  avia-builder-el-20  el_after_av_heading  el_before_av_three_fifth  \" style='border-radius:0px; '><\/div><div class=\"flex_column av_three_fifth  flex_column_div av-zero-column-padding   avia-builder-el-21  el_after_av_one_fifth  el_before_av_one_fifth  \" style='border-radius:0px; '><section class=\"av_textblock_section \"  itemscope=\"itemscope\" itemtype=\"https:\/\/schema.org\/CreativeWork\" ><div class='avia_textblock  '   itemprop=\"text\" ><p style=\"text-align: center;\">Chcia\u0142by\u015b poczu\u0107 gr\u0119 komputerow\u0105 na w\u0142asnej sk\u00f3rze? Dos\u0142ownie wejd\u017a do gry wraz z systemem ZOLTAR. Ca\u0142a gama rozwi\u0105za\u0144 technicznych, scenariusze oraz wyj\u0105tkowy klimat areny sprawi\u0105, \u017ce przeniesiesz si\u0119 na prawdziwe pole bitwy!<\/p>\n<\/div><\/section><\/div><div class=\"flex_column av_one_fifth  flex_column_div av-zero-column-padding   avia-builder-el-23  el_after_av_three_fifth  el_before_av_one_full  \" style='border-radius:0px; '><\/div><div class=\"flex_column av_one_full  flex_column_div av-zero-column-padding first  avia-builder-el-24  el_after_av_one_fifth  el_before_av_hr  column-top-margin\" style='border-radius:0px; '><section class=\"av_textblock_section \"  itemscope=\"itemscope\" itemtype=\"https:\/\/schema.org\/CreativeWork\" ><div class='avia_textblock  '   itemprop=\"text\" ><h2 style=\"text-align: center;\">Strefa <strong>Zoltar Gda\u0144sk<\/strong> to szereg dodatkowych atrakcji<\/h2>\n<\/div><\/section><\/div><div  style='height:50px' class='hr hr-invisible   avia-builder-el-26  el_after_av_one_full  el_before_av_one_fifth '><span class='hr-inner ' ><span class='hr-inner-style'><\/span><\/span><\/div>\n<div class=\"flex_column av_one_fifth  no_margin flex_column_div av-zero-column-padding first  avia-builder-el-27  el_after_av_hr  el_before_av_three_fifth  \" style='border-radius:0px; '><\/div><div class=\"flex_column av_three_fifth  no_margin flex_column_div av-zero-column-padding   avia-builder-el-28  el_after_av_one_fifth  el_before_av_one_fifth  \" style='border-radius:0px; '><section class=\"av_textblock_section \"  itemscope=\"itemscope\" itemtype=\"https:\/\/schema.org\/CreativeWork\" ><div class='avia_textblock  '   itemprop=\"text\" ><ul>\n<li><strong>Strefa Archery<\/strong> &#8211; miejsce na bezpieczne pojedynki \u0142ucznicze z u\u017cyciem klasycznych \u0142uk\u00f3w i bezpiecznych strza\u0142 zako\u0144czonych g\u0105bk\u0105,<\/li>\n<li><strong>Strefa NERF<\/strong> &#8211; arena do pojedynk\u00f3w na znane wszystkim pistolety NERF,<\/li>\n<li><strong>Strefa Automat\u00f3w i Arcade<\/strong> &#8211; gry, symultaory, pi\u0142karzyki, cymbergaje, Reflex Wall\u00a0 i wiele wi\u0119cej zabawy,<\/li>\n<li><strong>Strefa VR<\/strong> &#8211; ju\u017c wkr\u00f3tce pojedynki multiplayer w wirtualnej rzeczywisto\u015bci,<\/li>\n<li><strong>Drzewo Tajemnic<\/strong> &#8211; tajemniczy labirynt przypominaj\u0105cy jaskini\u0119 \u2013 super atrakcja dla odwa\u017cnych dzieci.<\/li>\n<\/ul>\n<\/div><\/section><br \/>\n<div  class='avia-button-wrap avia-button-center  avia-builder-el-30  el_after_av_textblock  avia-builder-el-last ' ><a href='https:\/\/www.strefazoltar.pl\/gdansk\/atrakcje-gdansk\/'  class='avia-button av-icon-on-hover  avia-icon_select-yes-right-icon avia-color-theme-color avia-size-x-large avia-position-center '   ><span class='avia_iconbox_title' >Zobacz szczeg\u00f3\u0142y Atrakcji<\/span><span class='avia_button_icon avia_button_icon_right' aria-hidden='true' data-av_icon='\ue879' data-av_iconfont='entypo-fontello'><\/span><\/a><\/div><\/p><\/div><div class=\"flex_column av_one_fifth  no_margin flex_column_div av-zero-column-padding   avia-builder-el-31  el_after_av_three_fifth  avia-builder-el-last  \" style='border-radius:0px; '><\/div>\n<\/p>\n","protected":false},"excerpt":{"rendered":"","protected":false},"author":1,"featured_media":0,"parent":0,"menu_order":0,"comment_status":"closed","ping_status":"closed","template":"","meta":{"footnotes":""},"class_list":["post-2054","page","type-page","status-publish","hentry"],"_links":{"self":[{"href":"https:\/\/www.strefazoltar.pl\/gdansk\/wp-json\/wp\/v2\/pages\/2054","targetHints":{"allow":["GET"]}}],"collection":[{"href":"https:\/\/www.strefazoltar.pl\/gdansk\/wp-json\/wp\/v2\/pages"}],"about":[{"href":"https:\/\/www.strefazoltar.pl\/gdansk\/wp-json\/wp\/v2\/types\/page"}],"author":[{"embeddable":true,"href":"https:\/\/www.strefazoltar.pl\/gdansk\/wp-json\/wp\/v2\/users\/1"}],"replies":[{"embeddable":true,"href":"https:\/\/www.strefazoltar.pl\/gdansk\/wp-json\/wp\/v2\/comments?post=2054"}],"version-history":[{"count":15,"href":"https:\/\/www.strefazoltar.pl\/gdansk\/wp-json\/wp\/v2\/pages\/2054\/revisions"}],"predecessor-version":[{"id":2255,"href":"https:\/\/www.strefazoltar.pl\/gdansk\/wp-json\/wp\/v2\/pages\/2054\/revisions\/2255"}],"wp:attachment":[{"href":"https:\/\/www.strefazoltar.pl\/gdansk\/wp-json\/wp\/v2\/media?parent=2054"}],"curies":[{"name":"wp","href":"https:\/\/api.w.org\/{rel}","templated":true}]}}