{"id":872,"date":"2020-06-21T16:10:07","date_gmt":"2020-06-21T14:10:07","guid":{"rendered":"http:\/\/www.strefazoltar.pl\/gdansk\/?page_id=872"},"modified":"2020-09-03T14:57:13","modified_gmt":"2020-09-03T12:57:13","slug":"regulaminy","status":"publish","type":"page","link":"https:\/\/www.strefazoltar.pl\/gdansk\/regulaminy\/","title":{"rendered":"Regulaminy"},"content":{"rendered":"<div id='av_section_1'  class='avia-section main_color avia-section-large avia-no-border-styling  avia-full-stretch avia-bg-style-scroll  avia-builder-el-0  avia-builder-el-no-sibling   container_wrap fullsize' style='background-repeat: no-repeat; background-image: url(https:\/\/www.strefazoltar.pl\/gdansk\/wp-content\/uploads\/sites\/3\/2020\/07\/con4.jpg);background-attachment: scroll; background-position: top left;  '  data-section-bg-repeat='stretch'><div class='container' ><main  role=\"main\" itemprop=\"mainContentOfPage\"  class='template-page content  av-content-full alpha units'><div class='post-entry post-entry-type-page post-entry-872'><div class='entry-content-wrapper clearfix'>\n<div class=\"flex_column av_one_fifth  no_margin flex_column_div av-zero-column-padding first  avia-builder-el-1  el_before_av_four_fifth  avia-builder-el-first  sticky-element \" style='border-radius:0px; '><p><div  class='avia-button-wrap avia-button-center  avia-builder-el-2  el_before_av_hr  avia-builder-el-first ' ><a href='#' class='avia-button avia-button-fullwidth   avia-icon_select-no avia-color-theme-color '  style='color:#ffffff; ' ><span class='avia_iconbox_title' >Regulamin - Strefa Zoltar<\/span><span class='avia_button_background avia-button avia-button-fullwidth avia-color-theme-color-highlight' ><\/span><\/a><\/div><br \/>\n<div  style='height:20px' class='hr hr-invisible   avia-builder-el-3  el_after_av_button_big  el_before_av_button_big  avia-builder-el-no-sibling '><span class='hr-inner ' ><span class='hr-inner-style'><\/span><\/span><\/div><br \/>\n<div  class='avia-button-wrap avia-button-center  avia-builder-el-4  el_after_av_hr  avia-builder-el-last ' ><a href='#reg_arena' class='avia-button avia-button-fullwidth   avia-icon_select-no avia-color-theme-color '  style='color:#ffffff; ' ><span class='avia_iconbox_title' >Regulamin Areny<\/span><div class='av-button-description av-button-description-below'><p>ARCHERY\/SHOTGUN\/NERF<\/p>\n<\/div><span class='avia_button_background avia-button avia-button-fullwidth avia-color-theme-color-highlight' ><\/span><\/a><\/div><\/p><\/div><div class=\"flex_column av_four_fifth  no_margin flex_column_div   avia-builder-el-5  el_after_av_one_fifth  avia-builder-el-last  \" style='padding:0px 0px 0px 50px ; border-radius:0px; '><p><div  style='padding-bottom:10px; ' class='av-special-heading av-special-heading-h2    avia-builder-el-6  el_before_av_textblock  avia-builder-el-first  av-linked-heading '><h2 class='av-special-heading-tag '  itemprop=\"headline\"  ><a href=\"manually\">REGULAMIN STRAFA ZOLTAR<\/a><\/h2><div class='special-heading-border'><div class='special-heading-inner-border' ><\/div><\/div><\/div><br \/>\n<section class=\"av_textblock_section \"  itemscope=\"itemscope\" itemtype=\"https:\/\/schema.org\/CreativeWork\" ><div class='avia_textblock  '   itemprop=\"text\" ><ol>\n<li>Podpis pod regulaminem oznacza jego akceptacj\u0119.<\/li>\n<li>Podczas gry zabrania si\u0119 biegania, czo\u0142gania i skok\u00f3w<\/li>\n<li>Przy korzystaniu z przeszk\u00f3d dwu poziomowych wst\u0119p na nie mo\u017cliwy jest tylko w miejscach do tego przeznaczonych z zachowaniem szczeg\u00f3lnej ostro\u017cno\u015bci.<\/li>\n<li>Po zako\u0144czeniu gry og\u0142oszonym przez organizatora nale\u017cy bezzw\u0142ocznie opu\u015bci\u0107 teren gry.<\/li>\n<li>Zabrania si\u0119 samowolnego przesuwania przeszk\u00f3d.<\/li>\n<li>Zabrania si\u0119 wspinania na przeszkody.<\/li>\n<li>Zabrania si\u0119 u\u017cywania przemocy fizycznej w stosunku do pozosta\u0142ych uczestnik\u00f3w zabawy.<\/li>\n<li>Przed gr\u0105 nale\u017cy zapozna\u0107 si\u0119 z instruktarzem broni jak i systemu.<\/li>\n<li>Wadliwe dzia\u0142anie sprz\u0119tu nie mo\u017ce by\u0107 podstaw\u0105 do reklamacji, ka\u017cda bro\u0144 ma prawo si\u0119 zablokowa\u0107, zaci\u0105\u0107, roz\u0142\u0105czy\u0107, wadliwie dzia\u0142aj\u0105cy sprz\u0119t zostanie wymieniony na inny jedynie w przypadku, gdy awaria nie wynik\u0142a z winy graj\u0105cego.<\/li>\n<li>Organizator imprezy mo\u017ce domaga\u0107 si\u0119 zwrotu koszt\u00f3w naprawy nieprawid\u0142owo u\u017cywanego sprz\u0119tu jak i uszkodzonych przeszk\u00f3d.<\/li>\n<li>Karabin\u00f3w nie mo\u017cna rzuca\u0107, k\u0142a\u015b\u0107 na ziemi\u0119, u\u017cywa\u0107 nie zgodnie z przeznaczeniem.<\/li>\n<li>Za szkody wynik\u0142e z nieprzestrzegania regulaminu organizator nie odpowiada.<\/li>\n<li>Na terenie pola do gry obowi\u0105zuje ca\u0142kowity zakaz spo\u017cywania alkoholu i palenia.<\/li>\n<li>Obs\u0142uga ma prawo zabroni\u0107 uczestnictwa w grze osobom b\u0119d\u0105cym pod wp\u0142ywem alkoholu lub innych \u015brodk\u00f3w odurzaj\u0105cych.<\/li>\n<li>Obs\u0142uga ma prawo wy\u0142\u0105czy\u0107 z gry osoby nieprzestrzegaj\u0105ce regulaminu.<\/li>\n<li>Na terenie gry zabrania si\u0119 u\u017cywania dym\u00f3w, ognia oraz \u015brodk\u00f3w pirotechnicznych, w przypadku zauwa\u017cenia dymu lub ognia nale\u017cy bezzw\u0142ocznie poinformowa\u0107 obs\u0142ug\u0119 i opu\u015bci\u0107 teren gry.<\/li>\n<li>Gra mo\u017ce zosta\u0107 przerwana w dowolnym momencie, w takim przypadku nale\u017cy opu\u015bci\u0107 teren gry i zastosowa\u0107 si\u0119 do polece\u0144 obs\u0142ugi.<\/li>\n<\/ol>\n<\/div><\/section><br \/>\n<div  id=\"reg_arena\"  style='height:55px' class='hr hr-invisible   avia-builder-el-8  el_after_av_textblock  el_before_av_heading '><span class='hr-inner ' ><span class='hr-inner-style'><\/span><\/span><\/div><br \/>\n<div  style='padding-bottom:10px; ' class='av-special-heading av-special-heading-h2    avia-builder-el-9  el_after_av_hr  el_before_av_textblock  '><h2 class='av-special-heading-tag '  itemprop=\"headline\"  >REGULAMIN ARENY ARCHERY\/SHOTGUN\/NERF<\/h2><div class='special-heading-border'><div class='special-heading-inner-border' ><\/div><\/div><\/div><br \/>\n<section class=\"av_textblock_section \"  itemscope=\"itemscope\" itemtype=\"https:\/\/schema.org\/CreativeWork\" ><div class='avia_textblock  '   itemprop=\"text\" ><ol>\n<li>Do gry mo\u017ce s\u0142u\u017cy\u0107 tylko sprz\u0119t do Archery Taga, Shotguny lub Nerfy. U\u017cywanie sprz\u0119tu innego ni\u017c dostarczony przez organizatora jest zabronione.<\/li>\n<li>Ka\u017cda osoba zobowi\u0105zuje si\u0119 do gry w duchu fair play oraz og\u00f3lnie przyj\u0119tych norm przyzwoito\u015bci i uczciwo\u015bci podanych przez s\u0119dziego, animatora lub organizatora na pocz\u0105tku zaj\u0119\u0107.<\/li>\n<li>Osoby pod wp\u0142ywem alkoholu lub \u015brodk\u00f3w odurzaj\u0105cych b\u0119d\u0105 natychmiast usuwane z pola gry, a koszty ich zabawy nie b\u0119d\u0105 im zwracane.<\/li>\n<li>Gracze s\u0105 zobowi\u0105zani do wykonywania polece\u0144 s\u0119dziego lub organizatora.<\/li>\n<li>Zasady ka\u017cdego scenariusza s\u0105 ustalane przez organizatora lub s\u0119dziego i tylko te osoby maj\u0105 prawo do ich zmiany.<\/li>\n<li>Na polu gry mog\u0105 przebywa\u0107 tylko osoby bior\u0105ce udzia\u0142 w grze, s\u0119dziowie i osoby wyeliminowane z gry opuszczaj\u0105ce jej pole.<\/li>\n<li>Zabrania si\u0119 strzelania do s\u0119dziego podczas gry jak i w trakcie przerw.<\/li>\n<li>Gra w Archery Tag poci\u0105ga za sob\u0105 liczne ryzyka, jak np. ryzyko zranienia przez strza\u0142\u0119 lub z powodu otar\u0107 ci\u0119ciwy o przedrami\u0119. W przypadku z\u0142amania Regulaminu i Zasad Bezpiecze\u0144stwa przez kt\u00f3rego\u015b z Uczestnik\u00f3w w czasie gry, mog\u0119 zosta\u0107 zraniony b\u0105d\u017a trwale okaleczony.<\/li>\n<li>Strzelanie poza wyznaczonym do tego celu obszarem skutkuje natychmiastowym usuni\u0119ciem gracza bez zwrotu poniesionych przez niego koszt\u00f3w.<\/li>\n<li>W grze mog\u0105 bra\u0107 udzia\u0142 osoby pe\u0142noletnie oraz osoby poni\u017cej 18 roku \u017cycia za pisemn\u0105 zgod\u0105 rodzic\u00f3w\/opiekun\u00f3w prawnych.<\/li>\n<li>Walka wr\u0119cz, kopanie, popychanie jest zabronione.<\/li>\n<li>Podczas gry uczestnicy maj\u0105 obowi\u0105zek posiadania na\u0142o\u017conej maski na g\u0142ow\u0119. Osoby graj\u0105ce bez za\u0142o\u017conej maski robi\u0105 to na w\u0142asne ryzyko i odpowiedzialno\u015b\u0107. W\u0142a\u015bciciele i pracownicy Areny (firmy Integra Plus), cz\u0142onkowie ich rodzin oraz bliscy i spokrewnione z nimi osoby nie ponosz\u0105 odpowiedzialno\u015bci za wynikaj\u0105ce z ww. czyn\u00f3w szkody, uszczerbki na zdrowiu, kalectwo trwale lub \u015bmier\u0107.<\/li>\n<li>Zabronione jest u\u017cywanie uszkodzonego sprz\u0119ty, w tym uszkodzonych strza\u0142, bez nak\u0142adki amortyzuj\u0105cej, z uszkodzonymi prowadnicami do ci\u0119ciwy.<\/li>\n<li>Nie wolno strzela\u0107 do wsp\u00f3\u0142uczestnik\u00f3w gry z odleg\u0142o\u015bci, kt\u00f3ra mo\u017ce spowodowa\u0107 uszkodzenie cia\u0142a ( ok. 5 metr\u00f3w ), strzela\u0107 mo\u017cna jedynie z czerwonych stref do gry, do zawodnik\u00f3w stoj\u0105cych na przeciwleg\u0142ych, czerwonych strefach.<\/li>\n<li>Gracz zostaje wyeliminowany z gry je\u017celi: zostanie trafiony przez przeciwnika; na podstawie w\u0142asnej deklaracji o wy\u0142\u0105czeniu z gry, kt\u00f3ra raz powiedziana nie mo\u017ce odwo\u0142ana; lub na podstawie decyzji s\u0119dziego lub animatora.<\/li>\n<li>Gracz wyeliminowany z gry podnosi r\u0119k\u0119 do g\u00f3ry i krzyczy has\u0142o ,,dosta\u0142em\u201d lub ,,I\u2019m hit\u201d, i schodzi do strefy \u201etrafionych\u201d.<\/li>\n<li>Za wszelkie uszkodzenia sprz\u0119tu udost\u0119pnianego przez organizatora podczas zaj\u0119\u0107 odpowiedzialna jest osoba u\u017cytkuj\u0105ca, uczestnik zaj\u0119\u0107.<\/li>\n<li>Wszyscy uczestnicy wyra\u017caj\u0105 zgod\u0119 na wykorzystanie ich wizerunku (zdj\u0119cia) na fanpage\u2019u \u201cStrefa Zoltar\u201d oraz dla cel\u00f3w marketingowych Firmy i o\u015bwiadczaj\u0105, \u017ce nie b\u0119d\u0105 wnosi\u0107 \u017cadnych roszcze\u0144 wobec firmy Integra Plus, jej w\u0142a\u015bcicieli, pracownik\u00f3w, cz\u0142onk\u00f3w rodzin, bliskich oraz os\u00f3b im spokrewnionych.<\/li>\n<li>Wszystkie osoby bior\u0105ce udzia\u0142 w zabawie dobrowolnie o\u015bwiadczaj\u0105, \u017ce zapoznali si\u0119 z niniejszym Regulaminem.<\/li>\n<\/ol>\n<\/div><\/section><\/p><\/div>\n","protected":false},"excerpt":{"rendered":"","protected":false},"author":1,"featured_media":0,"parent":0,"menu_order":0,"comment_status":"closed","ping_status":"closed","template":"","meta":{"footnotes":""},"class_list":["post-872","page","type-page","status-publish","hentry"],"_links":{"self":[{"href":"https:\/\/www.strefazoltar.pl\/gdansk\/wp-json\/wp\/v2\/pages\/872","targetHints":{"allow":["GET"]}}],"collection":[{"href":"https:\/\/www.strefazoltar.pl\/gdansk\/wp-json\/wp\/v2\/pages"}],"about":[{"href":"https:\/\/www.strefazoltar.pl\/gdansk\/wp-json\/wp\/v2\/types\/page"}],"author":[{"embeddable":true,"href":"https:\/\/www.strefazoltar.pl\/gdansk\/wp-json\/wp\/v2\/users\/1"}],"replies":[{"embeddable":true,"href":"https:\/\/www.strefazoltar.pl\/gdansk\/wp-json\/wp\/v2\/comments?post=872"}],"version-history":[{"count":23,"href":"https:\/\/www.strefazoltar.pl\/gdansk\/wp-json\/wp\/v2\/pages\/872\/revisions"}],"predecessor-version":[{"id":1436,"href":"https:\/\/www.strefazoltar.pl\/gdansk\/wp-json\/wp\/v2\/pages\/872\/revisions\/1436"}],"wp:attachment":[{"href":"https:\/\/www.strefazoltar.pl\/gdansk\/wp-json\/wp\/v2\/media?parent=872"}],"curies":[{"name":"wp","href":"https:\/\/api.w.org\/{rel}","templated":true}]}}