{"id":933,"date":"2020-07-24T12:17:31","date_gmt":"2020-07-24T10:17:31","guid":{"rendered":"http:\/\/www.strefazoltar.pl\/gdansk\/?page_id=933"},"modified":"2024-06-21T20:15:25","modified_gmt":"2024-06-21T18:15:25","slug":"cennik-gdansk","status":"publish","type":"page","link":"https:\/\/www.strefazoltar.pl\/gdansk\/cennik-gdansk\/","title":{"rendered":"Cennik Gda\u0144sk"},"content":{"rendered":"<div id='av_section_1'  class='avia-section alternate_color avia-section-huge avia-no-shadow  avia-full-stretch av-section-color-overlay-active avia-bg-style-scroll  avia-builder-el-0  el_before_av_section  avia-builder-el-first   av-minimum-height av-minimum-height-custom  container_wrap fullsize' style='background-repeat: no-repeat; background-image: url(https:\/\/www.strefazoltar.pl\/gdansk\/wp-content\/uploads\/sites\/3\/2020\/09\/cennik_slide_zoltar2.jpg);background-attachment: scroll; background-position: center left;  '  data-section-bg-repeat='stretch'><div class='av-section-color-overlay-wrap'><div class='av-section-color-overlay' style='opacity: 0.4; background-color: #000000; '><\/div><div class='container' style='height:450px'><main  role=\"main\" itemprop=\"mainContentOfPage\"  class='template-page content  av-content-full alpha units'><div class='post-entry post-entry-type-page post-entry-933'><div class='entry-content-wrapper clearfix'>\n<div  style='padding-bottom:0px; font-size:70px;' class='av-special-heading av-special-heading-h1  blockquote modern-quote modern-centered  avia-builder-el-1  avia-builder-el-no-sibling  av-thin-font av-inherit-size '><h1 class='av-special-heading-tag '  itemprop=\"headline\"  >Cennik<br \/>\n<strong> Zoltar Gda\u0144sk<\/strong> .<\/h1><div class='special-heading-border'><div class='special-heading-inner-border' ><\/div><\/div><\/div>\n\n<\/div><\/div><\/main><!-- close content main element --><\/div><\/div><\/div><div id='av_section_2'  class='avia-section main_color avia-section-no-padding avia-no-border-styling  avia-full-stretch av-section-color-overlay-active avia-bg-style-scroll  avia-builder-el-2  el_after_av_section  avia-builder-el-last   container_wrap fullsize' style='background-color: #efefef; background-repeat: no-repeat; background-image: url(https:\/\/www.strefazoltar.pl\/gdansk\/wp-content\/uploads\/sites\/3\/2020\/07\/con4.jpg);background-attachment: scroll; background-position: top left;  '  data-section-bg-repeat='stretch'><div class='av-section-color-overlay-wrap'><div class='av-section-color-overlay' style='opacity: 0.3; background-color: #ffffff; '><\/div><div class='container' ><div class='template-page content  av-content-full alpha units'><div class='post-entry post-entry-type-page post-entry-933'><div class='entry-content-wrapper clearfix'>\n<div class='flex_column_table av-equal-height-column-flextable -flextable' ><div class=\"flex_column av_one_third  flex_column_table_cell av-equal-height-column av-align-middle first  avia-builder-el-3  el_before_av_two_third  avia-builder-el-first  \" style='padding:0px 0px 50px 0px ; border-radius:0px; '><div  class='avia-image-container  av-styling-    avia-builder-el-4  avia-builder-el-no-sibling  avia-align-center '  itemprop=\"image\" itemscope=\"itemscope\" itemtype=\"https:\/\/schema.org\/ImageObject\"  ><div class='avia-image-container-inner'><div class='avia-image-overlay-wrap'><img class='avia_image' src='https:\/\/www.strefazoltar.pl\/gdansk\/wp-content\/uploads\/sites\/3\/2020\/07\/logozoltar300px.png' alt='' title='logozoltar300px' height=\"94\" width=\"298\"  itemprop=\"thumbnailUrl\"  \/><\/div><\/div><\/div><\/div><div class='av-flex-placeholder'><\/div><div class=\"flex_column av_two_third  flex_column_table_cell av-equal-height-column av-align-middle av-zero-column-padding   avia-builder-el-5  el_after_av_one_third  el_before_av_one_third  \" style='border-radius:0px; '><section class=\"av_textblock_section \"  itemscope=\"itemscope\" itemtype=\"https:\/\/schema.org\/CreativeWork\" ><div class='avia_textblock  '   itemprop=\"text\" ><div style=\"width: 100%; overflow-x: auto; overflow-y: hidden; float: left; margin-left: 3px;\">\n<table border=\"0\" width=\"100%\">\n<tbody>\n<tr>\n<th>Strefa Zoltar<\/th>\n<th style=\"text-align: center;\">1 runda<\/th>\n<th style=\"text-align: center;\">2 rundy<\/th>\n<\/tr>\n<tr>\n<td>poniedzia\u0142ek &#8211; czwartek<br \/>\n(ulgowy \/ normalny)<\/td>\n<td style=\"text-align: center;\">30 z\u0142 \/ 35 z\u0142<\/td>\n<td style=\"text-align: center;\">40 z\u0142 \/ 45 z\u0142<\/td>\n<\/tr>\n<tr>\n<td>pi\u0105tek &#8211; niedziela + \u015bwi\u0119ta<br \/>\n(ulgowy \/ normalny)<\/td>\n<td style=\"text-align: center;\">35 z\u0142 \/ 40 z\u0142<\/td>\n<td style=\"text-align: center;\">50 z\u0142 \/ 55 z\u0142<\/td>\n<\/tr>\n<\/tbody>\n<\/table>\n<table border=\"0\" width=\"100%\">\n<tbody>\n<tr>\n<th>Mini Nocki<br \/>\n<span style=\"text-transform: none;\"> (21:00-24:00 3h gry dla grup do 16 os.<br \/>\nka\u017cda dodatkowa osoba p\u0142atna 30z\u0142) <\/span><\/th>\n<th style=\"text-align: center;\">Cena<\/th>\n<\/tr>\n<tr>\n<td>poniedzia\u0142ek &#8211; czwartek<\/td>\n<td style=\"text-align: center;\">1050 z\u0142<\/td>\n<\/tr>\n<tr>\n<td>pi\u0105tek &#8211; niedziela + \u015bwi\u0119ta<\/td>\n<td style=\"text-align: center;\">1250 z\u0142<\/td>\n<\/tr>\n<\/tbody>\n<\/table>\n<table border=\"0\" width=\"100%\">\n<tbody>\n<tr>\n<th>Wynajem na wy\u0142\u0105czno\u015b\u0107 Areny 1h<br \/>\n<span style=\"text-transform: none;\">(grupy firmowe, imprezy zamkni\u0119te, max 16 os. na arenie)<\/span><\/th>\n<th style=\"text-align: center;\">Cena<\/th>\n<\/tr>\n<tr>\n<td>poniedzia\u0142ek &#8211; czwartek<\/td>\n<td style=\"text-align: center;\">650 z\u0142*<\/td>\n<\/tr>\n<tr>\n<td>pi\u0105tek &#8211; niedziela + \u015bwi\u0119ta<\/td>\n<td style=\"text-align: center;\">700 z\u0142*<\/td>\n<\/tr>\n<\/tbody>\n<\/table>\n<p>*) ceny netto<\/p>\n<\/div>\n<\/div><\/section><\/div><\/div><!--close column table wrapper. Autoclose: 1 --><div class='flex_column_table av-equal-height-column-flextable -flextable' ><div class=\"flex_column av_one_third  flex_column_table_cell av-equal-height-column av-align-middle av-zero-column-padding first  avia-builder-el-7  el_after_av_two_third  el_before_av_two_third  column-top-margin\" style='border-radius:0px; '><div  class='avia-image-container  av-styling-    avia-builder-el-8  avia-builder-el-no-sibling  avia-align-center '  itemprop=\"image\" itemscope=\"itemscope\" itemtype=\"https:\/\/schema.org\/ImageObject\"  ><div class='avia-image-container-inner'><div class='avia-image-overlay-wrap'><img class='avia_image' src='https:\/\/www.strefazoltar.pl\/gdansk\/wp-content\/uploads\/sites\/3\/2020\/09\/logo-archery.png' alt='' title='logo-archery' height=\"247\" width=\"500\"  itemprop=\"thumbnailUrl\"  \/><\/div><\/div><\/div><\/div><div class='av-flex-placeholder'><\/div><div class=\"flex_column av_two_third  flex_column_table_cell av-equal-height-column av-align-middle av-zero-column-padding   avia-builder-el-9  el_after_av_one_third  el_before_av_one_third  column-top-margin\" style='border-radius:0px; '><section class=\"av_textblock_section \"  itemscope=\"itemscope\" itemtype=\"https:\/\/schema.org\/CreativeWork\" ><div class='avia_textblock  '   itemprop=\"text\" ><div style=\"width: 100%; overflow-x: auto; overflow-y: hidden; float: left; margin-left: 3px;\">\n<table border=\"0\" width=\"100%\">\n<tbody>\n<tr>\n<th>Strefa Archery<\/th>\n<th style=\"text-align: center;\">3 x 7 minut<\/th>\n<th style=\"text-align: center;\">6 x 7 minut<\/th>\n<\/tr>\n<tr>\n<td>poniedzia\u0142ek &#8211; czwartek<br \/>\n(ulgowy \/ normalny)<\/td>\n<td style=\"text-align: center;\">20 z\u0142 \/ 25 z\u0142<\/td>\n<td style=\"text-align: center;\">35 z\u0142 \/ 40 z\u0142<\/td>\n<\/tr>\n<tr>\n<td>pi\u0105tek &#8211; niedziela + \u015bwi\u0119ta<br \/>\n(ulgowy \/ normalny)<\/td>\n<td style=\"text-align: center;\">25 z\u0142 \/ 30 z\u0142<\/td>\n<td style=\"text-align: center;\">40 z\u0142 \/ 45 z\u0142<\/td>\n<\/tr>\n<\/tbody>\n<\/table>\n<\/div>\n<\/div><\/section><\/div><\/div><!--close column table wrapper. Autoclose: 1 --><div class='flex_column_table av-equal-height-column-flextable -flextable' ><div class=\"flex_column av_one_third  flex_column_table_cell av-equal-height-column av-align-middle av-zero-column-padding first  avia-builder-el-11  el_after_av_two_third  el_before_av_two_third  column-top-margin\" style='border-radius:0px; '><div  class='avia-image-container  av-styling-    avia-builder-el-12  avia-builder-el-no-sibling  avia-align-center '  itemprop=\"image\" itemscope=\"itemscope\" itemtype=\"https:\/\/schema.org\/ImageObject\"  ><div class='avia-image-container-inner'><div class='avia-image-overlay-wrap'><img class='avia_image' src='https:\/\/www.strefazoltar.pl\/gdansk\/wp-content\/uploads\/sites\/3\/2024\/06\/AARENAvr-logol.png' alt='' title='AARENAvr-logol' height=\"191\" width=\"300\"  itemprop=\"thumbnailUrl\"  \/><\/div><\/div><\/div><\/div><div class='av-flex-placeholder'><\/div><div class=\"flex_column av_two_third  flex_column_table_cell av-equal-height-column av-align-middle av-zero-column-padding   avia-builder-el-13  el_after_av_one_third  el_before_av_one_third  column-top-margin\" style='border-radius:0px; '><section class=\"av_textblock_section \"  itemscope=\"itemscope\" itemtype=\"https:\/\/schema.org\/CreativeWork\" ><div class='avia_textblock  '   itemprop=\"text\" ><div style=\"width: 100%; overflow-x: auto; overflow-y: hidden; float: left; margin-left: 3px;\">\n<table border=\"0\" width=\"100%\">\n<tbody>\n<tr>\n<th>Arena VR *)<\/th>\n<th style=\"text-align: center;\">30 minut<\/th>\n<th style=\"text-align: center;\">60 minut<\/th>\n<\/tr>\n<tr>\n<td>poniedzia\u0142ek &#8211; czwartek<\/td>\n<td style=\"text-align: center;\">35 z\u0142<\/td>\n<td style=\"text-align: center;\">60 z\u0142<\/td>\n<\/tr>\n<tr>\n<td>pi\u0105tek &#8211; niedziela + \u015bwi\u0119ta<\/td>\n<td style=\"text-align: center;\">45 z\u0142<\/td>\n<td style=\"text-align: center;\">80 z\u0142<\/td>\n<\/tr>\n<\/tbody>\n<\/table>\n<p>*) Cena za jedno stanowisko. Istnieje mo\u017cliwo\u015b\u0107 wsp\u00f3\u0142dzielenia jednego stanowiska dla 4 os\u00f3b.<\/p>\n<\/div>\n<\/div><\/section><\/div><\/div><!--close column table wrapper. Autoclose: 1 --><div class='flex_column_table av-equal-height-column-flextable -flextable' ><div class=\"flex_column av_one_third  flex_column_table_cell av-equal-height-column av-align-middle av-zero-column-padding first  avia-builder-el-15  el_after_av_two_third  el_before_av_two_third  column-top-margin\" style='border-radius:0px; '><div  class='avia-image-container  av-styling-    avia-builder-el-16  avia-builder-el-no-sibling  avia-align-center '  itemprop=\"image\" itemscope=\"itemscope\" itemtype=\"https:\/\/schema.org\/ImageObject\"  ><div class='avia-image-container-inner'><div class='avia-image-overlay-wrap'><img class='avia_image' src='https:\/\/www.strefazoltar.pl\/gdansk\/wp-content\/uploads\/sites\/3\/2020\/09\/logo-nerf2-1.png' alt='' title='logo-nerf2' height=\"370\" width=\"500\"  itemprop=\"thumbnailUrl\"  \/><\/div><\/div><\/div><\/div><div class='av-flex-placeholder'><\/div><div class=\"flex_column av_two_third  flex_column_table_cell av-equal-height-column av-align-middle av-zero-column-padding   avia-builder-el-17  el_after_av_one_third  el_before_av_one_third  column-top-margin\" style='border-radius:0px; '><section class=\"av_textblock_section \"  itemscope=\"itemscope\" itemtype=\"https:\/\/schema.org\/CreativeWork\" ><div class='avia_textblock  '   itemprop=\"text\" ><div style=\"width: 100%; overflow-x: auto; overflow-y: hidden; float: left; margin-left: 3px;\">\n<table border=\"0\" width=\"100%\">\n<tbody>\n<tr>\n<th>Strefa NERF<\/th>\n<th style=\"text-align: center;\">3 x 7 minut<\/th>\n<th style=\"text-align: center;\">6 x 7 minut<\/th>\n<\/tr>\n<tr>\n<td>poniedzia\u0142ek &#8211; czwartek<\/td>\n<td style=\"text-align: center;\">20 z\u0142 \/ 25 z\u0142<\/td>\n<td style=\"text-align: center;\">35 z\u0142 \/ 40 z\u0142<\/td>\n<\/tr>\n<tr>\n<td>pi\u0105tek &#8211; niedziela + \u015bwi\u0119ta<\/td>\n<td style=\"text-align: center;\">25 z\u0142 \/ 30 z\u0142<\/td>\n<td style=\"text-align: center;\">40 z\u0142 \/ 45 z\u0142<\/td>\n<\/tr>\n<\/tbody>\n<\/table>\n<\/div>\n<\/div><\/section><\/div><\/div><!--close column table wrapper. Autoclose: 1 --><div class='flex_column_table av-equal-height-column-flextable -flextable' ><div class=\"flex_column av_one_third  av-hide-on-mobile  flex_column_table_cell av-equal-height-column av-align-middle av-zero-column-padding first  avia-builder-el-19  el_after_av_two_third  el_before_av_two_third  column-top-margin\" style='border-radius:0px; '><\/div><div class='av-flex-placeholder'><\/div><div class=\"flex_column av_two_third  flex_column_table_cell av-equal-height-column av-align-middle av-zero-column-padding   avia-builder-el-20  el_after_av_one_third  avia-builder-el-last  column-top-margin\" style='border-radius:0px; '><section class=\"av_textblock_section \"  itemscope=\"itemscope\" itemtype=\"https:\/\/schema.org\/CreativeWork\" ><div class='avia_textblock  '   itemprop=\"text\" ><div style=\"width: 100%; overflow-x: auto; overflow-y: hidden; float: left; margin-left: 3px;\">\n<table border=\"0\" width=\"100%\">\n<tbody>\n<tr>\n<th>Reflex Game<\/th>\n<td>5 z\u0142 \/ 1 gra<\/td>\n<\/tr>\n<tr>\n<th>Symulatory<\/th>\n<td>5 z\u0142 \/ 10 min<\/td>\n<\/tr>\n<tr>\n<th>Fotobudka<\/th>\n<td>5 z\u0142\/zdj\u0119cie 10*15<\/td>\n<\/tr>\n<tr>\n<th>Drzewo tajemnic<\/th>\n<td>8 z\u0142 \/ 1 przej\u015bcie<\/td>\n<\/tr>\n<tr>\n<th>ROBOMASTER \u2013 POJAZDY ZDALNIE STEROWANE DJI<\/th>\n<td>15 z\u0142\/pojazd na 20 min.<\/td>\n<\/tr>\n<tr>\n<th>Kino 5d<\/th>\n<td>15 z\u0142\/osoba<\/td>\n<\/tr>\n<\/tbody>\n<\/table>\n<\/div>\n<\/div><\/section><\/div><\/div><!--close column table wrapper. Autoclose: 1 -->\n","protected":false},"excerpt":{"rendered":"","protected":false},"author":1,"featured_media":0,"parent":0,"menu_order":0,"comment_status":"closed","ping_status":"closed","template":"","meta":{"footnotes":""},"class_list":["post-933","page","type-page","status-publish","hentry"],"_links":{"self":[{"href":"https:\/\/www.strefazoltar.pl\/gdansk\/wp-json\/wp\/v2\/pages\/933","targetHints":{"allow":["GET"]}}],"collection":[{"href":"https:\/\/www.strefazoltar.pl\/gdansk\/wp-json\/wp\/v2\/pages"}],"about":[{"href":"https:\/\/www.strefazoltar.pl\/gdansk\/wp-json\/wp\/v2\/types\/page"}],"author":[{"embeddable":true,"href":"https:\/\/www.strefazoltar.pl\/gdansk\/wp-json\/wp\/v2\/users\/1"}],"replies":[{"embeddable":true,"href":"https:\/\/www.strefazoltar.pl\/gdansk\/wp-json\/wp\/v2\/comments?post=933"}],"version-history":[{"count":50,"href":"https:\/\/www.strefazoltar.pl\/gdansk\/wp-json\/wp\/v2\/pages\/933\/revisions"}],"predecessor-version":[{"id":2328,"href":"https:\/\/www.strefazoltar.pl\/gdansk\/wp-json\/wp\/v2\/pages\/933\/revisions\/2328"}],"wp:attachment":[{"href":"https:\/\/www.strefazoltar.pl\/gdansk\/wp-json\/wp\/v2\/media?parent=933"}],"curies":[{"name":"wp","href":"https:\/\/api.w.org\/{rel}","templated":true}]}}